{"id":1072,"date":"2023-08-17T10:24:25","date_gmt":"2023-08-17T10:24:25","guid":{"rendered":"https:\/\/www.sportslawhub.com\/agenda\/"},"modified":"2025-02-15T23:36:00","modified_gmt":"2025-02-15T23:36:00","slug":"agenda-formacion-en-gestion-deportiva","status":"publish","type":"page","link":"https:\/\/www.sportslawhub.com\/es\/agenda-formacion-en-gestion-deportiva\/","title":{"rendered":"Agenda"},"content":{"rendered":"\t\t<div data-elementor-type=\"wp-page\" data-elementor-id=\"1072\" class=\"elementor elementor-1072 elementor-77\" data-elementor-post-type=\"page\">\n\t\t\t\t<div class=\"elementor-element elementor-element-ee90c1e e-flex e-con-boxed e-con e-parent\" data-id=\"ee90c1e\" data-element_type=\"container\" data-e-type=\"container\">\n\t\t\t\t\t<div class=\"e-con-inner\">\n\t\t\t\t<div class=\"elementor-element elementor-element-c4173c0 elementor-widget elementor-widget-heading\" data-id=\"c4173c0\" data-element_type=\"widget\" data-e-type=\"widget\" data-widget_type=\"heading.default\">\n\t\t\t\t<div class=\"elementor-widget-container\">\n\t\t\t\t\t<h1 class=\"elementor-heading-title elementor-size-default\">Agenda<\/h1>\t\t\t\t<\/div>\n\t\t\t\t<\/div>\n\t\t\t\t<div class=\"elementor-element elementor-element-cac424f elementor-widget elementor-widget-heading\" data-id=\"cac424f\" data-element_type=\"widget\" data-e-type=\"widget\" data-widget_type=\"heading.default\">\n\t\t\t\t<div class=\"elementor-widget-container\">\n\t\t\t\t\t<h2 class=\"elementor-heading-title elementor-size-default\">Conferencias y formaci\u00f3n en gesti\u00f3n deportiva y derecho del deporte<\/h2>\t\t\t\t<\/div>\n\t\t\t\t<\/div>\n\t\t<div class=\"elementor-element elementor-element-063d8c6 e-con-full contenedor-activo e-flex e-con e-child\" data-id=\"063d8c6\" data-element_type=\"container\" data-e-type=\"container\">\n\t\t\t\t<div class=\"elementor-element elementor-element-4a180da elementor-widget__width-initial elementor-widget elementor-widget-text-editor\" data-id=\"4a180da\" data-element_type=\"widget\" data-e-type=\"widget\" data-widget_type=\"text-editor.default\">\n\t\t\t\t<div class=\"elementor-widget-container\">\n\t\t\t\t\t\t\t\t\t<p>14 de mayo, 2025<\/p><p><strong>En streaming<\/strong><\/p>\t\t\t\t\t\t\t\t<\/div>\n\t\t\t\t<\/div>\n\t\t\t\t<div class=\"elementor-element elementor-element-9fd4e5a elementor-widget__width-initial elementor-widget elementor-widget-text-editor\" data-id=\"9fd4e5a\" data-element_type=\"widget\" data-e-type=\"widget\" data-widget_type=\"text-editor.default\">\n\t\t\t\t<div class=\"elementor-widget-container\">\n\t\t\t\t\t\t\t\t\t<p>Curso de alta especializaci\u00f3n 42h<\/p>\t\t\t\t\t\t\t\t<\/div>\n\t\t\t\t<\/div>\n\t\t\t\t<div class=\"elementor-element elementor-element-90bb168 elementor-widget__width-initial elementor-widget elementor-widget-heading\" data-id=\"90bb168\" data-element_type=\"widget\" data-e-type=\"widget\" data-widget_type=\"heading.default\">\n\t\t\t\t<div class=\"elementor-widget-container\">\n\t\t\t\t\t<h2 class=\"elementor-heading-title elementor-size-default\"><a href=\"https:\/\/www.sportslawhub.com\/es\/programmes\/curso-de-arbitraje-deportivo\/\">Curso de Arbitraje Deportivo intensivo ante el TAS - edici\u00f3n en ingl\u00e9s<\/a><\/h2>\t\t\t\t<\/div>\n\t\t\t\t<\/div>\n\t\t\t\t<div class=\"elementor-element elementor-element-f31eeff flecha elementor-hidden-mobile elementor-view-default elementor-widget elementor-widget-icon\" data-id=\"f31eeff\" data-element_type=\"widget\" data-e-type=\"widget\" data-widget_type=\"icon.default\">\n\t\t\t\t<div class=\"elementor-widget-container\">\n\t\t\t\t\t\t\t<div class=\"elementor-icon-wrapper\">\n\t\t\t<a class=\"elementor-icon\" href=\"https:\/\/www.sportslawhub.com\/es\/talks-y-conferencias\/?slideIndex=0\">\n\t\t\t<svg xmlns=\"http:\/\/www.w3.org\/2000\/svg\" width=\"33\" height=\"14\" viewBox=\"0 0 33 14\" fill=\"none\"><path d=\"M32.8434 6.79089L25.8433 13.5818L24.8458 12.6141L30.8484 6.79089L24.8458 0.967705L25.8433 -3.62233e-06L32.8434 6.79089Z\" fill=\"black\"><\/path><path d=\"M0 6.1066V7.4751H31.864V6.1066H0Z\" fill=\"black\"><\/path><\/svg>\t\t\t<\/a>\n\t\t<\/div>\n\t\t\t\t\t\t<\/div>\n\t\t\t\t<\/div>\n\t\t\t\t<\/div>\n\t\t<div class=\"elementor-element elementor-element-076a4fb e-con-full contenedor-activo e-flex e-con e-child\" data-id=\"076a4fb\" data-element_type=\"container\" data-e-type=\"container\">\n\t\t\t\t<div class=\"elementor-element elementor-element-0b975ea elementor-widget__width-initial elementor-widget elementor-widget-text-editor\" data-id=\"0b975ea\" data-element_type=\"widget\" data-e-type=\"widget\" data-widget_type=\"text-editor.default\">\n\t\t\t\t<div class=\"elementor-widget-container\">\n\t\t\t\t\t\t\t\t\t<p>12 de marzo, 2025<\/p><p><strong>En streaming<\/strong><\/p>\t\t\t\t\t\t\t\t<\/div>\n\t\t\t\t<\/div>\n\t\t\t\t<div class=\"elementor-element elementor-element-9c51172 elementor-widget__width-initial elementor-widget elementor-widget-text-editor\" data-id=\"9c51172\" data-element_type=\"widget\" data-e-type=\"widget\" data-widget_type=\"text-editor.default\">\n\t\t\t\t<div class=\"elementor-widget-container\">\n\t\t\t\t\t\t\t\t\t<p>Curso de alta especializaci\u00f3n 13h<\/p>\t\t\t\t\t\t\t\t<\/div>\n\t\t\t\t<\/div>\n\t\t\t\t<div class=\"elementor-element elementor-element-edf534f elementor-widget__width-initial elementor-widget elementor-widget-heading\" data-id=\"edf534f\" data-element_type=\"widget\" data-e-type=\"widget\" data-widget_type=\"heading.default\">\n\t\t\t\t<div class=\"elementor-widget-container\">\n\t\t\t\t\t<h2 class=\"elementor-heading-title elementor-size-default\"><a href=\"https:\/\/www.sportslawhub.com\/es\/programmes\/curso-derecho-del-futbol\/\">Curso Derecho del F\u00fatbol: aspectos esenciales para abogados y agentes - edici\u00f3n espa\u00f1ol<\/a><\/h2>\t\t\t\t<\/div>\n\t\t\t\t<\/div>\n\t\t\t\t<div class=\"elementor-element elementor-element-5555044 flecha elementor-hidden-mobile elementor-view-default elementor-widget elementor-widget-icon\" data-id=\"5555044\" data-element_type=\"widget\" data-e-type=\"widget\" data-widget_type=\"icon.default\">\n\t\t\t\t<div class=\"elementor-widget-container\">\n\t\t\t\t\t\t\t<div class=\"elementor-icon-wrapper\">\n\t\t\t<a class=\"elementor-icon\" href=\"https:\/\/www.sportslawhub.com\/es\/talks-y-conferencias\/?slideIndex=0\">\n\t\t\t<svg xmlns=\"http:\/\/www.w3.org\/2000\/svg\" width=\"33\" height=\"14\" viewBox=\"0 0 33 14\" fill=\"none\"><path d=\"M32.8434 6.79089L25.8433 13.5818L24.8458 12.6141L30.8484 6.79089L24.8458 0.967705L25.8433 -3.62233e-06L32.8434 6.79089Z\" fill=\"black\"><\/path><path d=\"M0 6.1066V7.4751H31.864V6.1066H0Z\" fill=\"black\"><\/path><\/svg>\t\t\t<\/a>\n\t\t<\/div>\n\t\t\t\t\t\t<\/div>\n\t\t\t\t<\/div>\n\t\t\t\t<\/div>\n\t\t<div class=\"elementor-element elementor-element-65ec752 e-con-full contenedor-activo e-flex e-con e-child\" data-id=\"65ec752\" data-element_type=\"container\" data-e-type=\"container\">\n\t\t\t\t<div class=\"elementor-element elementor-element-10ce02b elementor-widget__width-initial elementor-widget elementor-widget-text-editor\" data-id=\"10ce02b\" data-element_type=\"widget\" data-e-type=\"widget\" data-widget_type=\"text-editor.default\">\n\t\t\t\t<div class=\"elementor-widget-container\">\n\t\t\t\t\t\t\t\t\t<p>28 de abril, 2025<br \/><strong>En streaming<\/strong><\/p>\t\t\t\t\t\t\t\t<\/div>\n\t\t\t\t<\/div>\n\t\t\t\t<div class=\"elementor-element elementor-element-57d22c4 elementor-widget__width-initial elementor-widget elementor-widget-text-editor\" data-id=\"57d22c4\" data-element_type=\"widget\" data-e-type=\"widget\" data-widget_type=\"text-editor.default\">\n\t\t\t\t<div class=\"elementor-widget-container\">\n\t\t\t\t\t\t\t\t\t<p>Curso de alta especializaci\u00f3n 13h<\/p>\t\t\t\t\t\t\t\t<\/div>\n\t\t\t\t<\/div>\n\t\t\t\t<div class=\"elementor-element elementor-element-fdf0857 elementor-widget__width-initial elementor-widget elementor-widget-heading\" data-id=\"fdf0857\" data-element_type=\"widget\" data-e-type=\"widget\" data-widget_type=\"heading.default\">\n\t\t\t\t<div class=\"elementor-widget-container\">\n\t\t\t\t\t<h2 class=\"elementor-heading-title elementor-size-default\"><a href=\"https:\/\/www.sportslawhub.com\/es\/programmes\/curso-derecho-del-futbol\/\">Curso Derecho del F\u00fatbol: aspectos esenciales para abogados y agentes - edici\u00f3n en ingl\u00e9s<\/a><\/h2>\t\t\t\t<\/div>\n\t\t\t\t<\/div>\n\t\t\t\t<div class=\"elementor-element elementor-element-9a29c26 flecha elementor-hidden-mobile elementor-view-default elementor-widget elementor-widget-icon\" data-id=\"9a29c26\" data-element_type=\"widget\" data-e-type=\"widget\" data-widget_type=\"icon.default\">\n\t\t\t\t<div class=\"elementor-widget-container\">\n\t\t\t\t\t\t\t<div class=\"elementor-icon-wrapper\">\n\t\t\t<a class=\"elementor-icon\" href=\"https:\/\/www.sportslawhub.com\/es\/talks-y-conferencias\/?slideIndex=0\">\n\t\t\t<svg xmlns=\"http:\/\/www.w3.org\/2000\/svg\" width=\"33\" height=\"14\" viewBox=\"0 0 33 14\" fill=\"none\"><path d=\"M32.8434 6.79089L25.8433 13.5818L24.8458 12.6141L30.8484 6.79089L24.8458 0.967705L25.8433 -3.62233e-06L32.8434 6.79089Z\" fill=\"black\"><\/path><path d=\"M0 6.1066V7.4751H31.864V6.1066H0Z\" fill=\"black\"><\/path><\/svg>\t\t\t<\/a>\n\t\t<\/div>\n\t\t\t\t\t\t<\/div>\n\t\t\t\t<\/div>\n\t\t\t\t<\/div>\n\t\t<div class=\"elementor-element elementor-element-f0c0a2f e-con-full contenedor-activo elementor-hidden-desktop elementor-hidden-tablet elementor-hidden-mobile e-flex e-con e-child\" data-id=\"f0c0a2f\" data-element_type=\"container\" data-e-type=\"container\">\n\t\t\t\t<div class=\"elementor-element elementor-element-2b56e0d elementor-widget__width-initial elementor-widget elementor-widget-text-editor\" data-id=\"2b56e0d\" data-element_type=\"widget\" data-e-type=\"widget\" data-widget_type=\"text-editor.default\">\n\t\t\t\t<div class=\"elementor-widget-container\">\n\t\t\t\t\t\t\t\t\t<p>5 de febrero, 2025<\/p><p><strong>En streaming<\/strong><\/p>\t\t\t\t\t\t\t\t<\/div>\n\t\t\t\t<\/div>\n\t\t\t\t<div class=\"elementor-element elementor-element-5cf1c50 elementor-widget__width-initial elementor-widget elementor-widget-text-editor\" data-id=\"5cf1c50\" data-element_type=\"widget\" data-e-type=\"widget\" data-widget_type=\"text-editor.default\">\n\t\t\t\t<div class=\"elementor-widget-container\">\n\t\t\t\t\t\t\t\t\t<p>Curso de alta especializaci\u00f3n de 48h<\/p>\t\t\t\t\t\t\t\t<\/div>\n\t\t\t\t<\/div>\n\t\t\t\t<div class=\"elementor-element elementor-element-3a1b6e9 elementor-widget__width-initial elementor-widget elementor-widget-heading\" data-id=\"3a1b6e9\" data-element_type=\"widget\" data-e-type=\"widget\" data-widget_type=\"heading.default\">\n\t\t\t\t<div class=\"elementor-widget-container\">\n\t\t\t\t\t<h2 class=\"elementor-heading-title elementor-size-default\"><a href=\"https:\/\/www.sportslawhub.com\/es\/programmes\/curso-de-derecho-del-futbol\/\">Curso de Derecho del F\u00fatbol<\/a><\/h2>\t\t\t\t<\/div>\n\t\t\t\t<\/div>\n\t\t\t\t<div class=\"elementor-element elementor-element-048ad4c flecha elementor-hidden-mobile elementor-view-default elementor-widget elementor-widget-icon\" data-id=\"048ad4c\" data-element_type=\"widget\" data-e-type=\"widget\" data-widget_type=\"icon.default\">\n\t\t\t\t<div class=\"elementor-widget-container\">\n\t\t\t\t\t\t\t<div class=\"elementor-icon-wrapper\">\n\t\t\t<a class=\"elementor-icon\" href=\"https:\/\/www.sportslawhub.com\/es\/talks-y-conferencias\/?slideIndex=0\">\n\t\t\t<svg xmlns=\"http:\/\/www.w3.org\/2000\/svg\" width=\"33\" height=\"14\" viewBox=\"0 0 33 14\" fill=\"none\"><path d=\"M32.8434 6.79089L25.8433 13.5818L24.8458 12.6141L30.8484 6.79089L24.8458 0.967705L25.8433 -3.62233e-06L32.8434 6.79089Z\" fill=\"black\"><\/path><path d=\"M0 6.1066V7.4751H31.864V6.1066H0Z\" fill=\"black\"><\/path><\/svg>\t\t\t<\/a>\n\t\t<\/div>\n\t\t\t\t\t\t<\/div>\n\t\t\t\t<\/div>\n\t\t\t\t<\/div>\n\t\t<div class=\"elementor-element elementor-element-bf9701b e-con-full e-flex e-con e-child\" data-id=\"bf9701b\" data-element_type=\"container\" data-e-type=\"container\">\n\t\t\t\t<div class=\"elementor-element elementor-element-53e0ce4 elementor-widget elementor-widget-text-editor\" data-id=\"53e0ce4\" data-element_type=\"widget\" data-e-type=\"widget\" data-widget_type=\"text-editor.default\">\n\t\t\t\t<div class=\"elementor-widget-container\">\n\t\t\t\t\t\t\t\t\t<p style=\"text-align: center;\">\u00bfQu\u00e9 puede ofrecerte Sports Law Hub?<\/p>\t\t\t\t\t\t\t\t<\/div>\n\t\t\t\t<\/div>\n\t\t\t\t<\/div>\n\t\t<div class=\"elementor-element elementor-element-9069b65 e-con-full e-flex e-con e-child\" data-id=\"9069b65\" data-element_type=\"container\" data-e-type=\"container\">\n\t\t<div class=\"elementor-element elementor-element-5f0382f e-flex e-con-boxed e-con e-child\" data-id=\"5f0382f\" data-element_type=\"container\" data-e-type=\"container\" data-settings=\"{&quot;background_background&quot;:&quot;classic&quot;}\">\n\t\t\t\t\t<div class=\"e-con-inner\">\n\t\t\t\t<div class=\"elementor-element elementor-element-8203095 elementor-view-default elementor-widget elementor-widget-icon\" data-id=\"8203095\" data-element_type=\"widget\" data-e-type=\"widget\" data-widget_type=\"icon.default\">\n\t\t\t\t<div class=\"elementor-widget-container\">\n\t\t\t\t\t\t\t<div class=\"elementor-icon-wrapper\">\n\t\t\t<div class=\"elementor-icon\">\n\t\t\t<svg xmlns=\"http:\/\/www.w3.org\/2000\/svg\" id=\"Capa_1\" data-name=\"Capa 1\" viewBox=\"0 0 114.93 126.92\"><defs><style>      .cls-1 {        fill: #1b1e3e;      }    <\/style><\/defs><path class=\"cls-1\" d=\"m94.98,110.3H19.07c-7.02,0-12.73-5.71-12.73-12.73v-59.77c0-7.02,5.71-12.73,12.73-12.73h75.92c7.02,0,12.73,5.71,12.73,12.73v59.77c0,7.02-5.71,12.73-12.73,12.73ZM19.07,30.27c-4.16,0-7.53,3.38-7.53,7.53v59.77c0,4.15,3.37,7.53,7.53,7.53h75.92c4.16,0,7.53-3.38,7.53-7.53v-59.77c0-4.15-3.37-7.53-7.53-7.53H19.07Z\"><\/path><rect class=\"cls-1\" x=\"28.77\" y=\"15.73\" width=\"7.96\" height=\"29.05\" rx=\".12\" ry=\".12\"><\/rect><path class=\"cls-1\" d=\"m32.74,48.99c-4.19,0-7.6-3.41-7.6-7.6s3.41-7.6,7.6-7.6,7.6,3.41,7.6,7.6-3.41,7.6-7.6,7.6Zm0-9.99c-1.32,0-2.4,1.07-2.4,2.39s1.08,2.4,2.4,2.4,2.4-1.08,2.4-2.4-1.08-2.39-2.4-2.39Z\"><\/path><path class=\"cls-1\" d=\"m81.24,48.99c-4.19,0-7.6-3.41-7.6-7.6s3.41-7.6,7.6-7.6,7.6,3.41,7.6,7.6-3.41,7.6-7.6,7.6Zm0-9.99c-1.32,0-2.4,1.07-2.4,2.39s1.08,2.4,2.4,2.4,2.4-1.08,2.4-2.4-1.08-2.39-2.4-2.39Z\"><\/path><rect class=\"cls-1\" x=\"77.26\" y=\"15.73\" width=\"7.96\" height=\"29.05\" rx=\".12\" ry=\".12\"><\/rect><path class=\"cls-1\" d=\"m94.98,110.3H19.07c-7.02,0-12.73-5.71-12.73-12.73v-31.31c0-7.02,5.71-12.73,12.73-12.73h75.92c7.02,0,12.73,5.71,12.73,12.73v31.31c0,7.02-5.71,12.73-12.73,12.73ZM19.07,58.73c-4.16,0-7.53,3.38-7.53,7.53v31.31c0,4.15,3.37,7.53,7.53,7.53h75.92c4.16,0,7.53-3.38,7.53-7.53v-31.31c0-4.15-3.37-7.53-7.53-7.53H19.07Z\"><\/path><\/svg>\t\t\t<\/div>\n\t\t<\/div>\n\t\t\t\t\t\t<\/div>\n\t\t\t\t<\/div>\n\t\t\t\t<div class=\"elementor-element elementor-element-1b48458 elementor-widget elementor-widget-text-editor\" data-id=\"1b48458\" data-element_type=\"widget\" data-e-type=\"widget\" data-widget_type=\"text-editor.default\">\n\t\t\t\t<div class=\"elementor-widget-container\">\n\t\t\t\t\t\t\t\t\t<p><strong>Aprendizaje intensivo y pr\u00e1ctico<\/strong><\/p>\t\t\t\t\t\t\t\t<\/div>\n\t\t\t\t<\/div>\n\t\t\t\t\t<\/div>\n\t\t\t\t<\/div>\n\t\t<div class=\"elementor-element elementor-element-a28b13f e-flex e-con-boxed e-con e-child\" data-id=\"a28b13f\" data-element_type=\"container\" data-e-type=\"container\" data-settings=\"{&quot;background_background&quot;:&quot;classic&quot;}\">\n\t\t\t\t\t<div class=\"e-con-inner\">\n\t\t\t\t<div class=\"elementor-element elementor-element-fee70a3 elementor-view-default elementor-widget elementor-widget-icon\" data-id=\"fee70a3\" data-element_type=\"widget\" data-e-type=\"widget\" data-widget_type=\"icon.default\">\n\t\t\t\t<div class=\"elementor-widget-container\">\n\t\t\t\t\t\t\t<div class=\"elementor-icon-wrapper\">\n\t\t\t<div class=\"elementor-icon\">\n\t\t\t<svg xmlns=\"http:\/\/www.w3.org\/2000\/svg\" id=\"Capa_1\" data-name=\"Capa 1\" viewBox=\"0 0 114.93 126.92\"><defs><style>      .cls-1 {        fill: #1b1e3e;      }    <\/style><\/defs><path class=\"cls-1\" d=\"m57.02,113.7c-27.95,0-50.69-22.74-50.69-50.68S29.07,12.33,57.02,12.33s50.69,22.74,50.69,50.69-22.74,50.68-50.69,50.68Zm0-95.5c-24.71,0-44.81,20.1-44.81,44.81s20.1,44.8,44.81,44.8,44.81-20.1,44.81-44.8-20.1-44.81-44.81-44.81Z\"><\/path><path class=\"cls-1\" d=\"m85.76,65.96h-28.74c-1.62,0-2.94-1.31-2.94-2.94v-28.74c0-1.62,1.31-2.94,2.94-2.94s2.94,1.31,2.94,2.94v25.8h25.8c1.62,0,2.94,1.31,2.94,2.94s-1.31,2.94-2.94,2.94Z\"><\/path><\/svg>\t\t\t<\/div>\n\t\t<\/div>\n\t\t\t\t\t\t<\/div>\n\t\t\t\t<\/div>\n\t\t\t\t<div class=\"elementor-element elementor-element-f2f6b55 elementor-widget elementor-widget-text-editor\" data-id=\"f2f6b55\" data-element_type=\"widget\" data-e-type=\"widget\" data-widget_type=\"text-editor.default\">\n\t\t\t\t<div class=\"elementor-widget-container\">\n\t\t\t\t\t\t\t\t\t<p><strong>Oferta formativa m\u00faltiple y constante<\/strong><\/p>\t\t\t\t\t\t\t\t<\/div>\n\t\t\t\t<\/div>\n\t\t\t\t\t<\/div>\n\t\t\t\t<\/div>\n\t\t<div class=\"elementor-element elementor-element-95a9f2c e-flex e-con-boxed e-con e-child\" data-id=\"95a9f2c\" data-element_type=\"container\" data-e-type=\"container\" data-settings=\"{&quot;background_background&quot;:&quot;classic&quot;}\">\n\t\t\t\t\t<div class=\"e-con-inner\">\n\t\t\t\t<div class=\"elementor-element elementor-element-e27daae elementor-view-default elementor-widget elementor-widget-icon\" data-id=\"e27daae\" data-element_type=\"widget\" data-e-type=\"widget\" data-widget_type=\"icon.default\">\n\t\t\t\t<div class=\"elementor-widget-container\">\n\t\t\t\t\t\t\t<div class=\"elementor-icon-wrapper\">\n\t\t\t<div class=\"elementor-icon\">\n\t\t\t<svg xmlns=\"http:\/\/www.w3.org\/2000\/svg\" id=\"Capa_1\" data-name=\"Capa 1\" viewBox=\"0 0 114.93 126.92\"><defs><style>      .cls-1 {        fill: #1b1e3e;      }    <\/style><\/defs><path class=\"cls-1\" d=\"m57.02,113.71c-27.95,0-50.69-22.74-50.69-50.69S29.08,12.32,57.02,12.32s50.69,22.74,50.69,50.7-22.74,50.69-50.69,50.69Zm0-95.81c-24.88,0-45.11,20.24-45.11,45.12s20.24,45.11,45.11,45.11,45.11-20.24,45.11-45.11-20.24-45.12-45.11-45.12Z\"><\/path><path class=\"cls-1\" d=\"m57.02,113.71c-16.16,0-28.83-22.27-28.83-50.69S40.86,12.32,57.02,12.32s28.83,22.27,28.83,50.7-12.67,50.69-28.83,50.69Zm0-95.81c-12.6,0-23.25,20.66-23.25,45.12s10.65,45.11,23.25,45.11,23.25-20.66,23.25-45.11-10.65-45.12-23.25-45.12Z\"><\/path><rect class=\"cls-1\" x=\"9.12\" y=\"60.23\" width=\"95.8\" height=\"5.58\"><\/rect><path class=\"cls-1\" d=\"m57.02,44.07c-13.34,0-25.94-4.63-35.5-13.03l-2.24-1.98,2.12-2.1c9.56-9.44,22.22-14.64,35.62-14.64s26.05,5.2,35.62,14.64l2.12,2.1-2.24,1.98c-9.55,8.4-22.15,13.03-35.5,13.03Zm-29.41-15.25c8.19,6.26,18.52,9.67,29.41,9.67s21.22-3.41,29.41-9.67c-8.19-7.06-18.52-10.92-29.41-10.92s-21.22,3.86-29.41,10.92Z\"><\/path><path class=\"cls-1\" d=\"m57.02,113.71c-13.41,0-26.05-5.2-35.62-14.63l-2.12-2.1,2.24-1.98c9.54-8.4,22.14-13.03,35.5-13.03s25.96,4.63,35.5,13.03l2.24,1.98-2.12,2.1c-9.56,9.44-22.21,14.63-35.62,14.63Zm-29.41-16.49c8.19,7.06,18.52,10.91,29.41,10.91s21.22-3.86,29.41-10.91c-8.19-6.26-18.52-9.67-29.41-9.67s-21.22,3.41-29.41,9.67Z\"><\/path><\/svg>\t\t\t<\/div>\n\t\t<\/div>\n\t\t\t\t\t\t<\/div>\n\t\t\t\t<\/div>\n\t\t\t\t<div class=\"elementor-element elementor-element-4eda067 elementor-widget elementor-widget-text-editor\" data-id=\"4eda067\" data-element_type=\"widget\" data-e-type=\"widget\" data-widget_type=\"text-editor.default\">\n\t\t\t\t<div class=\"elementor-widget-container\">\n\t\t\t\t\t\t\t\t\t<p><strong>Formato presencial y online en directo<\/strong><\/p>\t\t\t\t\t\t\t\t<\/div>\n\t\t\t\t<\/div>\n\t\t\t\t\t<\/div>\n\t\t\t\t<\/div>\n\t\t<div class=\"elementor-element elementor-element-f79c320 e-flex e-con-boxed e-con e-child\" data-id=\"f79c320\" data-element_type=\"container\" data-e-type=\"container\" data-settings=\"{&quot;background_background&quot;:&quot;classic&quot;}\">\n\t\t\t\t\t<div class=\"e-con-inner\">\n\t\t\t\t<div class=\"elementor-element elementor-element-dfddeb2 elementor-view-default elementor-widget elementor-widget-icon\" data-id=\"dfddeb2\" data-element_type=\"widget\" data-e-type=\"widget\" data-widget_type=\"icon.default\">\n\t\t\t\t<div class=\"elementor-widget-container\">\n\t\t\t\t\t\t\t<div class=\"elementor-icon-wrapper\">\n\t\t\t<div class=\"elementor-icon\">\n\t\t\t<svg xmlns=\"http:\/\/www.w3.org\/2000\/svg\" id=\"Capa_1\" data-name=\"Capa 1\" viewBox=\"0 0 114.93 126.92\"><defs><style>      .cls-1 {        fill: #1b1e3e;      }    <\/style><\/defs><path class=\"cls-1\" d=\"m19.01,35.19h19.63c1.35,0,2.45-1.1,2.45-2.45s-1.1-2.45-2.45-2.45h-19.63c-1.35,0-2.45,1.1-2.45,2.45s1.1,2.45,2.45,2.45Z\"><\/path><path class=\"cls-1\" d=\"m38.64,44.89h-19.63c-1.35,0-2.45,1.1-2.45,2.45s1.1,2.45,2.45,2.45h19.63c1.35,0,2.45-1.1,2.45-2.45s-1.1-2.45-2.45-2.45Z\"><\/path><path class=\"cls-1\" d=\"m38.64,59.48h-19.63c-1.35,0-2.45,1.1-2.45,2.45s1.1,2.45,2.45,2.45h19.63c1.35,0,2.45-1.1,2.45-2.45s-1.1-2.45-2.45-2.45Z\"><\/path><path class=\"cls-1\" d=\"m38.64,74.07h-19.63c-1.35,0-2.45,1.1-2.45,2.45s1.1,2.45,2.45,2.45h19.63c1.35,0,2.45-1.1,2.45-2.45s-1.1-2.45-2.45-2.45Z\"><\/path><path class=\"cls-1\" d=\"m105.26,7.97H8.79c-1.35,0-2.45,1.1-2.45,2.45v89.29c0,1.35,1.1,2.45,2.45,2.45h37.63v13.45c0,.99.6,1.89,1.52,2.27.92.38,1.97.17,2.67-.54l6.42-6.49,6.42,6.49c.47.48,1.1.73,1.74.73.32,0,.63-.06.93-.18.92-.38,1.52-1.27,1.52-2.27v-13.45h37.63c1.35,0,2.45-1.1,2.45-2.45V10.42c0-1.35-1.1-2.45-2.45-2.45ZM11.24,97.26V12.87h35.17v84.39H11.24Zm51.5,12.39l-3.97-4.01c-.46-.47-1.09-.73-1.74-.73s-1.28.26-1.74.73l-3.97,4.01V12.87h11.42v96.78Zm40.08-12.39h-35.18V12.87h35.18v84.39Z\"><\/path><path class=\"cls-1\" d=\"m75.41,35.19h19.63c1.35,0,2.45-1.1,2.45-2.45s-1.1-2.45-2.45-2.45h-19.63c-1.35,0-2.45,1.1-2.45,2.45s1.1,2.45,2.45,2.45Z\"><\/path><path class=\"cls-1\" d=\"m75.41,49.79h19.63c1.35,0,2.45-1.1,2.45-2.45s-1.1-2.45-2.45-2.45h-19.63c-1.35,0-2.45,1.1-2.45,2.45s1.1,2.45,2.45,2.45Z\"><\/path><path class=\"cls-1\" d=\"m75.41,64.38h19.63c1.35,0,2.45-1.1,2.45-2.45s-1.1-2.45-2.45-2.45h-19.63c-1.35,0-2.45,1.1-2.45,2.45s1.1,2.45,2.45,2.45Z\"><\/path><path class=\"cls-1\" d=\"m95.04,74.07h-19.63c-1.35,0-2.45,1.1-2.45,2.45s1.1,2.45,2.45,2.45h19.63c1.35,0,2.45-1.1,2.45-2.45s-1.1-2.45-2.45-2.45Z\"><\/path><\/svg>\t\t\t<\/div>\n\t\t<\/div>\n\t\t\t\t\t\t<\/div>\n\t\t\t\t<\/div>\n\t\t\t\t<div class=\"elementor-element elementor-element-543a4cf elementor-widget elementor-widget-text-editor\" data-id=\"543a4cf\" data-element_type=\"widget\" data-e-type=\"widget\" data-widget_type=\"text-editor.default\">\n\t\t\t\t<div class=\"elementor-widget-container\">\n\t\t\t\t\t\t\t\t\t<p><strong>En ingl\u00e9s\u00a0y en espa\u00f1ol<\/strong><\/p>\t\t\t\t\t\t\t\t<\/div>\n\t\t\t\t<\/div>\n\t\t\t\t\t<\/div>\n\t\t\t\t<\/div>\n\t\t\t\t<\/div>\n\t\t<div class=\"elementor-element elementor-element-7ca89ee e-con-full e-flex e-con e-child\" data-id=\"7ca89ee\" data-element_type=\"container\" data-e-type=\"container\" data-settings=\"{&quot;background_background&quot;:&quot;classic&quot;}\">\n\t\t\t\t<div class=\"elementor-element elementor-element-ed160db elementor-widget elementor-widget-image\" data-id=\"ed160db\" data-element_type=\"widget\" data-e-type=\"widget\" data-widget_type=\"image.default\">\n\t\t\t\t<div class=\"elementor-widget-container\">\n\t\t\t\t\t\t\t\t\t\t\t\t\t\t\t\t<a href=\"https:\/\/www.sportslawhub.com\/es\/contacto\/\">\n\t\t\t\t\t\t\t<img fetchpriority=\"high\" decoding=\"async\" width=\"1536\" height=\"183\" src=\"https:\/\/www.sportslawhub.com\/wp-content\/uploads\/2024\/08\/UNETE-A-SLH-1536x183.png\" class=\"attachment-1536x1536 size-1536x1536 wp-image-5346\" alt=\"formaci\u00f3n en gesti\u00f3n deportiva - \u00fanete\" srcset=\"https:\/\/www.sportslawhub.com\/wp-content\/uploads\/2024\/08\/UNETE-A-SLH-1536x183.png 1536w, https:\/\/www.sportslawhub.com\/wp-content\/uploads\/2024\/08\/UNETE-A-SLH-300x36.png 300w, https:\/\/www.sportslawhub.com\/wp-content\/uploads\/2024\/08\/UNETE-A-SLH-1024x122.png 1024w, https:\/\/www.sportslawhub.com\/wp-content\/uploads\/2024\/08\/UNETE-A-SLH-768x92.png 768w, https:\/\/www.sportslawhub.com\/wp-content\/uploads\/2024\/08\/UNETE-A-SLH-600x72.png 600w, https:\/\/www.sportslawhub.com\/wp-content\/uploads\/2024\/08\/UNETE-A-SLH.png 1719w\" sizes=\"(max-width: 1536px) 100vw, 1536px\" \/>\t\t\t\t\t\t\t\t<\/a>\n\t\t\t\t\t\t\t\t\t\t\t\t\t\t\t<\/div>\n\t\t\t\t<\/div>\n\t\t\t\t<\/div>\n\t\t\t\t\t<\/div>\n\t\t\t\t<\/div>\n\t\t\t\t<\/div>\n\t\t","protected":false},"excerpt":{"rendered":"<p>Agenda Conferencias y formaci\u00f3n en gesti\u00f3n deportiva y derecho del deporte 14 de mayo, 2025 En streaming Curso de alta especializaci\u00f3n 42h Curso de Arbitraje Deportivo intensivo ante el TAS &#8211; edici\u00f3n en ingl\u00e9s 12 de marzo, 2025 En streaming Curso de alta especializaci\u00f3n 13h Curso Derecho del F\u00fatbol: aspectos esenciales para abogados y agentes [&hellip;]<\/p>\n","protected":false},"author":2,"featured_media":0,"parent":0,"menu_order":0,"comment_status":"closed","ping_status":"closed","template":"","meta":{"_acf_changed":false,"footnotes":""},"class_list":["post-1072","page","type-page","status-publish","hentry"],"acf":[],"_links":{"self":[{"href":"https:\/\/www.sportslawhub.com\/es\/wp-json\/wp\/v2\/pages\/1072","targetHints":{"allow":["GET"]}}],"collection":[{"href":"https:\/\/www.sportslawhub.com\/es\/wp-json\/wp\/v2\/pages"}],"about":[{"href":"https:\/\/www.sportslawhub.com\/es\/wp-json\/wp\/v2\/types\/page"}],"author":[{"embeddable":true,"href":"https:\/\/www.sportslawhub.com\/es\/wp-json\/wp\/v2\/users\/2"}],"replies":[{"embeddable":true,"href":"https:\/\/www.sportslawhub.com\/es\/wp-json\/wp\/v2\/comments?post=1072"}],"version-history":[{"count":0,"href":"https:\/\/www.sportslawhub.com\/es\/wp-json\/wp\/v2\/pages\/1072\/revisions"}],"wp:attachment":[{"href":"https:\/\/www.sportslawhub.com\/es\/wp-json\/wp\/v2\/media?parent=1072"}],"curies":[{"name":"wp","href":"https:\/\/api.w.org\/{rel}","templated":true}]}}