{"id":1107,"date":"2023-07-31T17:45:32","date_gmt":"2023-07-31T17:45:32","guid":{"rendered":"https:\/\/www.sportslawhub.com\/politica-de-privacidad\/"},"modified":"2024-04-09T09:12:07","modified_gmt":"2024-04-09T09:12:07","slug":"politica-de-privacidad","status":"publish","type":"page","link":"https:\/\/www.sportslawhub.com\/es\/politica-de-privacidad\/","title":{"rendered":"Pol\u00edtica de privacidad"},"content":{"rendered":"\t\t<div data-elementor-type=\"wp-page\" data-elementor-id=\"1107\" class=\"elementor elementor-1107 elementor-3\" data-elementor-post-type=\"page\">\n\t\t\t\t<div class=\"elementor-element elementor-element-0ea4148 e-con-full e-flex e-con e-parent\" data-id=\"0ea4148\" data-element_type=\"container\" data-e-type=\"container\">\n\t\t\t\t<div class=\"elementor-element elementor-element-6d92ab8 elementor-widget elementor-widget-heading\" data-id=\"6d92ab8\" data-element_type=\"widget\" data-e-type=\"widget\" data-widget_type=\"heading.default\">\n\t\t\t\t<div class=\"elementor-widget-container\">\n\t\t\t\t\t<h1 class=\"elementor-heading-title elementor-size-default\">Pol\u00edtica de Privacidad<\/h1>\t\t\t\t<\/div>\n\t\t\t\t<\/div>\n\t\t\t\t<div class=\"elementor-element elementor-element-1b5a46f elementor-widget elementor-widget-text-editor\" data-id=\"1b5a46f\" data-element_type=\"widget\" data-e-type=\"widget\" data-widget_type=\"text-editor.default\">\n\t\t\t\t<div class=\"elementor-widget-container\">\n\t\t\t\t\t\t\t\t\t<p>La confidencialidad y la seguridad son primordiales para Sports Law Hub. Este documento explica la pol\u00edtica de protecci\u00f3n de datos de Sports Law Hub que se fundamenta en los principios del Reglamento (UE) 2016\/679 del Parlamento Europeo y del Consejo, de 27 de abril del 2016 (Reglamento General de Protecci\u00f3n de Datos) y de la Ley Org\u00e1nica 3\/2018 de 5 de diciembre de Protecci\u00f3n de Datos y Garant\u00eda de los Derechos Digitales. Asumimos plenamente el esp\u00edritu de ambas normativas dado nuestro car\u00e1cter internacional, con el objetivo de reforzar los derechos individuales y dar m\u00e1s garant\u00edas a nuestra comunidad en relaci\u00f3n al tratamiento de sus datos, objetivo que coincide plenamente con nuestra voluntad de mejora continua de nuestros programas formativos.<\/p><p>A continuaci\u00f3n, te resumimos los aspectos fundamentales de nuestra pol\u00edtica de protecci\u00f3n de datos:<\/p><ol><li>\u00bfQui\u00e9n es el responsable del tratamiento de los datos personales?<\/li><\/ol><p>El responsable de tratamiento de los datos personales es Altequo Group S.L. (en adelante, Sports Law Hub), con domicilio en Avenida Diagonal 534, entresuelo izquierda, 08006 Barcelona, Espa\u00f1a y con CIF B42714246.<\/p><ol start=\"2\"><li>\u00bfCon qu\u00e9 finalidades tratamos los datos?<\/li><\/ol><p>Tratamos los datos personales pensando en todo momento en los derechos de los Usuarios y siempre de manera proporcional. Esto quiere decir que tratamos en cada caso los datos adecuados, pertinentes y limitados al cumplimiento de las finalidades expl\u00edcitas que motivaron su obtenci\u00f3n.<\/p><p>Los \u00fanicos datos personales a los que Sports Law Hub tendr\u00e1 acceso a trav\u00e9s del Sitio Web o de la participaci\u00f3n en las Propuestas Formativas ser\u00e1n aquellos que el Usuario facilite voluntariamente. Los datos proporcionados ser\u00e1n tratados de acuerdo a distintos prop\u00f3sitos, ya sea poder informar sobre las distintas Propuestas Formativas o novedades en el entorno de Sports Law Hub, poder gestionar la participaci\u00f3n del Usuario en las distintas Propuestas Formativas o, cuando se haya prestado el consentimiento de forma espec\u00edfica por parte del Usuario, para hacer llegar informaci\u00f3n comercial tanto de Sports Law Hub como de nuestros colaboradores o patrocinadores. En algunos casos se podr\u00edan pedir m\u00e1s datos, como por ejemplo cuando queramos conocer las opiniones o las valoraciones de los Usuarios, en cuyo caso las respuestas se tratar\u00e1n con finalidades estad\u00edsticas y de forma disociada de los datos identificativos de la persona que proporciona la opini\u00f3n o valoraci\u00f3n.<\/p><p>Enumeramos seguidamente algunas de las principales finalidades:<\/p><ul><li>Gesti\u00f3n de la participaci\u00f3n en las Propuestas Formativas: registramos los datos de las personas que se preinscriben y, posteriormente, se confirman como participantes a una de nuestras Propuestas Formativas. En base a este registro podemos prestar los servicios. Los datos aportados y los que resultan de la actividad acad\u00e9mica permiten hacer un seguimiento del participante. Los datos de los participantes en las Propuestas Formativas se utilizan con finalidades de gesti\u00f3n administrativa, es decir, para identificarlos como participantes de la Propuesta Formativa, hacer posible el acceso, participaci\u00f3n y seguimiento de la misma, enviar informaci\u00f3n de su inter\u00e9s o tratar y expedir los certificados o diplomas, entre otros. Asimismo, en aquellos casos donde la Propuesta Formativa tenga un coste econ\u00f3mico para el Usuario, existir\u00e1 un tratamiento de datos bancarios por motivos de contabilidad, facturaci\u00f3n o incluso enviar informaci\u00f3n a la Administraci\u00f3n Tributaria. Por \u00faltimo, mientras la Propuesta Formativa se est\u00e9 desarrollando, utilizaremos los datos de los participantes para comunicarles informaci\u00f3n relacionada con dicha Propuesta Formativa.<\/li><\/ul><ul><li>Contacto: tratamos datos para atender consultas de personas que utilizan los formularios de contacto de nuestro Sitio Web o nos escriben a trav\u00e9s de nuestras redes sociales o plataformas de mensajer\u00eda instant\u00e1nea, \u00fanicamente con esa finalidad.<\/li><\/ul><ul><li>Informaci\u00f3n de actividades y servicios: con la autorizaci\u00f3n expl\u00edcita de los Usuarios a trav\u00e9s de nuestros formularios, suscripciones, o por petici\u00f3n expresa de los mismos a trav\u00e9s de alguno de nuestros medios de contacto, utilizamos sus datos para enviar informaci\u00f3n sobre nuestros servicios y actividades, as\u00ed como de los servicios y actividades de nuestros colaboradores.<\/li><\/ul><ul><li>Gesti\u00f3n de datos de los proveedores de Sports Law Hub: registramos y tratamos los datos de los proveedores y colaboradores de quienes obtenemos servicios o bienes. Pueden ser datos de personas que act\u00faan como aut\u00f3nomos y tambi\u00e9n datos de representantes de personas jur\u00eddicas. Obtenemos los datos imprescindibles para mantener la relaci\u00f3n comercial y los destinamos \u00fanicamente a esta finalidad. En el caso del personal docente y acad\u00e9mico, los tratamos \u00fanicamente para poder gestionar su participaci\u00f3n en las Propuestas Formativas.<\/li><\/ul><ul><li>Usuarios del Sitio Web: el sistema de navegaci\u00f3n y el software que posibilita el funcionamiento de nuestra web recogen los datos que ordinariamente se generan en el uso de los protocolos de Internet. En esta categor\u00eda de datos se encuentran, entre otros, la direcci\u00f3n IP o nombre de dominio del ordenador utilizado por la persona que se conecta al Sitio Web. Esta informaci\u00f3n no se asocia a personas concretas y se utiliza con la finalidad exclusiva de obtener informaci\u00f3n estad\u00edstica sobre el uso del Sitio Web. Nuestro Sitio Web utiliza <em>cookies<\/em> que facilitan la navegaci\u00f3n y nos proporcionan informaci\u00f3n sobre nuestros usuarios y sus intereses. Puedes obtener m\u00e1s informaci\u00f3n sobre las <em>cookies<\/em> en la Pol\u00edtica de Cookies.<\/li><\/ul><ol start=\"3\"><li>\u00bfC\u00f3mo obtenemos los datos?<\/li><\/ol><p>En la mayor\u00eda de los casos, los datos provienen directamente de interesados en los productos y servicios ofrecidos por Sports Law Hub, que proporcionan informaci\u00f3n personal a trav\u00e9s de los formularios preparados al efecto. Tambi\u00e9n podemos obtener datos en jornadas formativas organizadas por Sports Law Hub o por colaboradores, en eventos acad\u00e9micos abiertos al p\u00fablico, o en sesiones informativas que realizamos directamente o en colaboraci\u00f3n con otras entidades donde presentamos nuestros servicios.<\/p><p>Asimismo, cuando los Usuarios adquieren o se inscriben a una Propuesta Formativa, deber\u00e1n proporcionar una serie de datos personales y\/o profesionales de acuerdo con la tipolog\u00eda de Propuesta Formativa que permitan al Comit\u00e9 Acad\u00e9mico valorar la adecuaci\u00f3n del perfil profesional del Usuario a las exigencias o requisitos de participaci\u00f3n en dicho programa o actividad formativa.<\/p><p>En el desarrollo de las Propuestas Formativas y las relaciones entre alumnos, personal docente, colaboradores y coordinaci\u00f3n, se pueden generar otros datos que tambi\u00e9n pueden ser incorporados a los sistemas de Sports Law Hub.<\/p><p>Por \u00faltimo, tambi\u00e9n obtenemos datos por medio de relaciones presenciales y otros canales como la recepci\u00f3n de correos electr\u00f3nicos, llamadas telef\u00f3nicas o por medio de nuestros perfiles en las redes sociales.<\/p><ol start=\"4\"><li>\u00bfCu\u00e1l es la legitimaci\u00f3n legal para el tratamiento de los datos?<\/li><\/ol><p>Los tratamientos de datos que llevamos a cabo tienen diferentes fundamentos legales, seg\u00fan la naturaleza de cada tratamiento:<\/p><ul><li>Para la prestaci\u00f3n de las Propuestas Formativas: una vez la participaci\u00f3n a una Propuesta Formativa queda confirmada, la prestaci\u00f3n de servicios constituye una relaci\u00f3n de car\u00e1cter contractual.<\/li><li>En cumplimiento de una relaci\u00f3n precontractual: en el caso de los datos de personas interesadas en nuestras Propuestas Formativas. Tratamos los datos de posibles clientes, proveedores o participantes con quienes tenemos relaciones previas a la formalizaci\u00f3n de una relaci\u00f3n contractual, como ser\u00eda el caso de tratamiento de datos de candidatos a nuestras Propuestas Formativas o que por cualquier motivo nos hayan hecho llegar su curr\u00edculum vitae o que participen en procesos de selecci\u00f3n.<\/li><li>En cumplimiento de una relaci\u00f3n contractual: en el caso de las relaciones con nuestros clientes, proveedores y colaboradores, todas las actuaciones necesarias para el cumplimiento del contrato se legitiman en la relaci\u00f3n contractual, as\u00ed como el uso de los datos que esas relaciones comerciales comportan.<\/li><li>En cumplimiento de obligaciones legales: en algunas ocasiones el correcto desarrollo de la Propuesta Formativa puede determinar que tengamos que cumplir diferentes normas que comportan tratamientos de datos. En este sentido, Sports Law Hub podr\u00eda comunicar datos de los participantes en sus Propuestas Formativas para tr\u00e1mites de reconocimiento y expedici\u00f3n de certificados o diplomas. Tambi\u00e9n, en cumplimiento de obligaciones legales (normativa fiscal), se pueden comunicar datos a la Administraci\u00f3n Tributaria o a \u00f3rganos judiciales o cuerpos y fuerzas de seguridad, si as\u00ed lo requieren.<\/li><li>En base al consentimiento: cuando enviamos informaci\u00f3n de nuestras Propuestas Formativas o actividades de inter\u00e9s tanto de Sports Law Hub como de nuestros colaboradores o patrocinadores, utilizamos datos de contacto con el consentimiento expl\u00edcito de la persona que la recibir\u00e1. Tambi\u00e9n es en base al consentimiento que obtenemos datos de navegaci\u00f3n de la persona que visita el Sitio Web, consentimiento que puede revocar en cualquier momento desinstalando las <em>cookies<\/em>.<\/li><li>Por inter\u00e9s leg\u00edtimo: nuestro inter\u00e9s leg\u00edtimo justifica el tratamiento de los datos que obtenemos de los formularios de contacto o canales de comunicaci\u00f3n.<\/li><\/ul><div>\u00a0<\/div><ol start=\"5\"><li>\u00bfA qui\u00e9n comunicamos los datos?<\/li><\/ol><p>Como criterio general, \u00fanicamente comunicamos datos en cumplimiento de obligaciones legales. Ya hemos explicado las comunicaciones de datos de los Usuarios o participantes en las Propuestas Formativas necesarias para hacer posible la prestaci\u00f3n de las mismas, y de nuestros clientes, proveedores, colaboradores o patrocinadores, en el desarrollo de las relaciones econ\u00f3micas y comerciales. Los datos de contacto de los participantes en las Propuestas Formativas pueden ser comunicadas a otras instituciones en aquellos casos en los que dicha Propuesta Formativa se organice de forma conjunta o con la colaboraci\u00f3n o participaci\u00f3n de esas otras entidades. Dado el car\u00e1cter internacional de nuestra Propuesta Formativa, es posible que se efect\u00faen transferencias de datos fuera del \u00e1mbito de la Uni\u00f3n Europea en aquellos casos en los que la gesti\u00f3n y desarrollo de la Propuesta Formativa y la participaci\u00f3n de los Usuarios en la misma as\u00ed lo exija (por ejemplo, aquellos programas internacionales que se imparten de forma conjunta con una entidad local ubicada fuera de la Uni\u00f3n Europea). En estos casos, salvo que se indique lo contrario, la transferencia de datos se limitar\u00e1 a lo estrictamente necesario para garantizar la adecuada participaci\u00f3n del Usuario en la Propuesta Formativa escogida.<\/p><p>Por \u00faltimo, para determinadas tareas obtenemos los servicios de empresas o personas que nos aportan su experiencia y especializaci\u00f3n, las cuales en algunas ocasiones tienen que acceder a datos personales. En los t\u00e9rminos del Reglamento General de Protecci\u00f3n de Datos no se trata propiamente de una cesi\u00f3n de datos sino de un encargo de tratamiento. \u00danicamente se contratan servicios de empresas que garantizan el cumplimiento de esta normativa. En el momento de la contrataci\u00f3n se formalizan sus obligaciones de confidencialidad y se hace un seguimiento de su actuaci\u00f3n. Puede ser el caso de servicios de alojamiento de datos en servidores, de servicios de apoyo inform\u00e1tico o de asesor\u00edas jur\u00eddicas, contables o fiscales.<\/p><ol start=\"6\"><li>\u00bfCu\u00e1nto tiempo conservamos los datos?<\/li><\/ol><p>El tiempo de conservaci\u00f3n de los datos viene determinado por diferentes factores. Incide en su conservaci\u00f3n, principalmente, el hecho de que los datos sigan siendo necesarios para atender a las finalidades para las cuales hayan sido recogidos en cada caso. En segundo lugar, se conservan para hacer frente a posibles responsabilidades por el tratamiento de datos por parte de Sports Law Hub, y para atender cualquier requerimiento de las administraciones p\u00fablicas u \u00f3rganos judiciales.<\/p><p>En consecuencia, los datos se tienen que conservar durante el tiempo necesario para preservar su valor legal o informativo y para acreditar el cumplimiento de las obligaciones legales, pero no por un per\u00edodo superior al necesario para las finalidades del tratamiento. En el caso de la informaci\u00f3n que acredita la realizaci\u00f3n y finalizaci\u00f3n de una Propuesta Formativa por los Usuarios, los datos se conservan de forma permanente para preservar los derechos de estos Usuarios.<\/p><p>En determinados casos, como el de los datos que figuran en la documentaci\u00f3n contable y la facturaci\u00f3n, la normativa fiscal obliga a conservarlas hasta que no prescriban las responsabilidades en esta materia.<\/p><p>En el caso de los datos que se tratan exclusivamente en base al consentimiento de la persona interesada, se conservan hasta que esta persona no revoca este consentimiento.<\/p><ol start=\"7\"><li>\u00bfQu\u00e9 derechos tienen las personas en relaci\u00f3n a los datos que tratamos?<\/li><\/ol><p>De acuerdo con lo previsto en la normativa de protecci\u00f3n de datos, las personas de quienes datos tratamos tienen los siguientes derechos:<\/p><ul><li>A conocer si sus datos se est\u00e1n tratando<\/li><li>A ser informado en la recogida de datos<\/li><li>A acceder a sus datos<\/li><li>A pedir la rectificaci\u00f3n de datos<\/li><li>A pedir la supresi\u00f3n de los datos<\/li><li>A pedir la limitaci\u00f3n del tratamiento<\/li><li>A la portabilidad de sus datos<\/li><li>A oponerse al tratamiento<\/li><li>A no recibir informaci\u00f3n: atendemos inmediatamente las peticiones en las que un Usuario nos manifiesta no querer seguir recibiendo informaci\u00f3n sobre nuestras actividades y servicios, siempre que el fundamento del env\u00edo sea \u00fanicamente el consentimiento de la persona que es receptora de dichas comunicaciones.<\/li><\/ul><div>\u00a0<\/div><ol start=\"8\"><li>\u00bfC\u00f3mo se pueden ejercer o defender los derechos?<\/li><\/ol><p>Los derechos enumerados en el apartado anterior, se pueden ejercer dirigiendo una solicitud por correo electr\u00f3nico a la siguiente direcci\u00f3n: <a href=\"mailto:dataprotection@sportslawhub.com\">dataprotection@sportslawhub.com<\/a><\/p><p>Si no se ha obtenido respuesta satisfactoria en el ejercicio de los derechos, es posible presentar una reclamaci\u00f3n ante la Agencia Catalana de Protecci\u00f3n de Datos, por medio de los formularios u otros canales accesibles desde su p\u00e1gina web: <a href=\"https:\/\/apdcat.gencat.cat\/ca\/inici\" target=\"_blank\" rel=\"noopener\">https:\/\/apdcat.gencat.cat\/ca\/inici<\/a><\/p><p>Para que puedas sacar el m\u00e1ximo provecho a tu relaci\u00f3n con Sports Law Hub, ya sea para mantenerte informado de las novedades o para poder participar adecuadamente en alguna Propuesta Formativa, es importante que te asegures de mantener tus datos personales actualizados y nos informes siempre que haya alguna modificaci\u00f3n en ellos.<\/p><p>Esta Pol\u00edtica de Privacidad han sido actualizada a fecha 29\/03\/2024. De acuerdo con la normativa vigente en materia de protecci\u00f3n de datos, Sports Law Hub notificar\u00e1 a los Usuarios de cualquier modificaci\u00f3n a esta Pol\u00edtica de Privacidad mediante un aviso en el Sitio Web, y los cambios resultar\u00e1n efectivos desde la misma fecha de publicaci\u00f3n.<\/p><p>En caso de tener cualquier duda o requerir informaci\u00f3n adicional o aclaraciones sobre esta Pol\u00edtica de Privacidad, los Usuarios pueden ponerse en contacto con el Delegado de Protecci\u00f3n de Datos de Sports Law Hub a trav\u00e9s del siguiente correo electr\u00f3nico: <a href=\"mailto:dataprotection@sportslawhub.com\">dataprotection@sportslawhub.com<\/a>.<\/p>\t\t\t\t\t\t\t\t<\/div>\n\t\t\t\t<\/div>\n\t\t\t\t<\/div>\n\t\t\t\t<\/div>\n\t\t","protected":false},"excerpt":{"rendered":"<p>Pol\u00edtica de Privacidad La confidencialidad y la seguridad son primordiales para Sports Law Hub. Este documento explica la pol\u00edtica de protecci\u00f3n de datos de Sports Law Hub que se fundamenta en los principios del Reglamento (UE) 2016\/679 del Parlamento Europeo y del Consejo, de 27 de abril del 2016 (Reglamento General de Protecci\u00f3n de Datos) [&hellip;]<\/p>\n","protected":false},"author":4,"featured_media":0,"parent":0,"menu_order":0,"comment_status":"closed","ping_status":"closed","template":"","meta":{"_acf_changed":false,"footnotes":""},"class_list":["post-1107","page","type-page","status-publish","hentry"],"acf":[],"_links":{"self":[{"href":"https:\/\/www.sportslawhub.com\/es\/wp-json\/wp\/v2\/pages\/1107","targetHints":{"allow":["GET"]}}],"collection":[{"href":"https:\/\/www.sportslawhub.com\/es\/wp-json\/wp\/v2\/pages"}],"about":[{"href":"https:\/\/www.sportslawhub.com\/es\/wp-json\/wp\/v2\/types\/page"}],"author":[{"embeddable":true,"href":"https:\/\/www.sportslawhub.com\/es\/wp-json\/wp\/v2\/users\/4"}],"replies":[{"embeddable":true,"href":"https:\/\/www.sportslawhub.com\/es\/wp-json\/wp\/v2\/comments?post=1107"}],"version-history":[{"count":0,"href":"https:\/\/www.sportslawhub.com\/es\/wp-json\/wp\/v2\/pages\/1107\/revisions"}],"wp:attachment":[{"href":"https:\/\/www.sportslawhub.com\/es\/wp-json\/wp\/v2\/media?parent=1107"}],"curies":[{"name":"wp","href":"https:\/\/api.w.org\/{rel}","templated":true}]}}