{"id":2181,"date":"2024-04-06T20:59:51","date_gmt":"2024-04-06T20:59:51","guid":{"rendered":"https:\/\/www.sportslawhub.com\/?page_id=2181"},"modified":"2024-04-06T21:04:46","modified_gmt":"2024-04-06T21:04:46","slug":"politica-cookies","status":"publish","type":"page","link":"https:\/\/www.sportslawhub.com\/es\/politica-cookies\/","title":{"rendered":"Pol\u00edtica de Cookies"},"content":{"rendered":"\t\t<div data-elementor-type=\"wp-page\" data-elementor-id=\"2181\" class=\"elementor elementor-2181 elementor-2180\" data-elementor-post-type=\"page\">\n\t\t\t\t<div class=\"elementor-element elementor-element-642735e e-con-full e-flex e-con e-parent\" data-id=\"642735e\" data-element_type=\"container\" data-e-type=\"container\">\n\t\t\t\t<div class=\"elementor-element elementor-element-664c866 elementor-widget elementor-widget-heading\" data-id=\"664c866\" data-element_type=\"widget\" data-e-type=\"widget\" data-widget_type=\"heading.default\">\n\t\t\t\t<div class=\"elementor-widget-container\">\n\t\t\t\t\t<h1 class=\"elementor-heading-title elementor-size-default\">Pol\u00edtica de Cookies<\/h1>\t\t\t\t<\/div>\n\t\t\t\t<\/div>\n\t\t\t\t<div class=\"elementor-element elementor-element-47af208 elementor-widget elementor-widget-text-editor\" data-id=\"47af208\" data-element_type=\"widget\" data-e-type=\"widget\" data-widget_type=\"text-editor.default\">\n\t\t\t\t<div class=\"elementor-widget-container\">\n\t\t\t\t\t\t\t\t\t<p>En cumplimiento con lo dispuesto en el art\u00edculo 22 de la Ley de Servicios de la Sociedad de la Informaci\u00f3n y el Reglamento (UE) 2016\/679 del Parlamento Europeo y del Consejo, de 27 de abril del 2016 (Reglamento General de Protecci\u00f3n de Datos), Altequo Group S.L. (en adelante \u201cSports Law Hub\u201d) con CIF B42714246 y con domicilio en Avenida Diagonal 534 entresuelo izquierda, 08006 Barcelona, Espa\u00f1a, advierte a los usuarios del sitio web <span style=\"color: #0000ff;\"><strong><a style=\"color: #0000ff;\" href=\"https:\/\/www.sportslawhub.com\">https:\/\/www.sportslawhub.com<\/a><\/strong><\/span> (los \u201cUsuarios\u201d y el \u201cSitio Web\u201d, respectivamente) que utiliza <em>cookies<\/em> para obtener datos estad\u00edsticos de la navegaci\u00f3n de los Usuarios y mejorar sus servicios.<\/p><p>Las <em>cookies<\/em> son peque\u00f1os ficheros de datos que se generan en el ordenador del Usuario y que permiten que sea el propio Usuario el que almacene la informaci\u00f3n que genera su actividad en la red. Las <em>cookies<\/em> permiten a una p\u00e1gina web, entre otras cosas, almacenar y recuperar informaci\u00f3n sobre los h\u00e1bitos de navegaci\u00f3n de un Usuario o de su equipo y, dependiendo de la informaci\u00f3n que contengan y de la forma en que utilice su equipo, pueden utilizarse para reconocer al Usuario.<\/p><p>En la actualidad solamente utilizamos este tipo de <em>cookies y storages<\/em>:<\/p><table width=\"623\"><tbody><tr><td width=\"157\"><p>Identificaci\u00f3n de la <em>Cookie<\/em><\/p><\/td><td width=\"76\"><p>Tipolog\u00eda de <em>Cookie<\/em><\/p><\/td><td width=\"78\"><p>Caducidad<\/p><\/td><td width=\"313\"><p>Descripci\u00f3n<\/p><\/td><\/tr><tr><td width=\"157\"><p>wp-wpml_current_language<\/p><\/td><td width=\"76\"><p>First-party<\/p><\/td><td width=\"78\"><p>Sesi\u00f3n<\/p><\/td><td width=\"313\"><p>Almacena el idioma. Por defecto, esta <em>cookie<\/em> es s\u00f3lo para usuarios conectados.<\/p><\/td><\/tr><\/tbody><\/table><p>\u00a0<\/p><table><tbody><tr><td width=\"208\"><p>Identificaci\u00f3n Storage<\/p><\/td><td width=\"208\"><p>Tipolog\u00eda<\/p><\/td><td width=\"208\"><p>Categor\u00eda<\/p><\/td><\/tr><tr><td width=\"208\"><p>Hu-session<\/p><\/td><td width=\"208\"><p>Sesi\u00f3n<\/p><\/td><td width=\"208\"><p>Estrictamente necesaria<\/p><\/td><\/tr><tr><td width=\"208\"><p>wpEmojiSettingsSuports<\/p><\/td><td width=\"208\"><p>Sesi\u00f3n<\/p><\/td><td width=\"208\"><p>Estrictamente necesaria<\/p><\/td><\/tr><tr><td width=\"208\"><p>Hu-config<\/p><\/td><td width=\"208\"><p>Sesi\u00f3n<\/p><\/td><td width=\"208\"><p>Estrictamente necesaria<\/p><\/td><\/tr><\/tbody><\/table><p>Sin embargo, en funci\u00f3n de las necesidades de Sports Law Hub, este Sitio Web podr\u00eda acabar utilizando tambi\u00e9n, con la consiguiente notificaci\u00f3n de modificaci\u00f3n de la actual pol\u00edtica de <em>cookies<\/em>, las siguientes tipolog\u00edas de <em>cookies<\/em> de acuerdo a la clasificaci\u00f3n que realiza la Agencia Espa\u00f1ola de Protecci\u00f3n de Datos seg\u00fan la finalidad para la que se utilizan:<\/p><ul><li>De an\u00e1lisis: recopilan informaci\u00f3n sobre c\u00f3mo los Usuarios interact\u00faan con el Sitio Web, como las p\u00e1ginas visitadas o el tiempo de permanencia. Estos datos se utilizan para mejorar la experiencia del usuario y optimizar el sitio web.<\/li><li>De publicidad: se utilizan para mostrar anuncios personalizados seg\u00fan los intereses y preferencias del Usuario. Estas <em>cookies<\/em> rastrean la actividad del Usuario en l\u00ednea y pueden compartir datos con terceros para mostrar anuncios relevantes.<\/li><li>De redes sociales: permiten compartir contenido del Sitio Web en plataformas de redes sociales o acceder a ellas. Estas <em>cookies<\/em> est\u00e1n asociadas con los botones de \u201cme gusta\u201d o \u201ccompartir\u201d presentes en muchos sitios web.<\/li><\/ul><p>La desactivaci\u00f3n de <em>cookies<\/em> podr\u00eda llegar a afectar al correcto funcionamiento de determinadas secciones del Sitio Web. No obstante, el Usuario tiene la posibilidad de configurar su navegador para ser avisado de la recepci\u00f3n de <em>cookies<\/em>, para impedir su instalaci\u00f3n en su equipo o revocar en cualquier momento el consentimiento prestado para la utilizaci\u00f3n de <em>cookies<\/em> por parte de este Sitio Web.<\/p><p>Por favor, consulta las instrucciones y manuales de tu navegador para ampliar esta informaci\u00f3n. A continuaci\u00f3n, podr\u00e1s acceder a la configuraci\u00f3n de los navegadores webs m\u00e1s frecuentes para aceptar, instalar o desactivar las <em>cookies<\/em>:<\/p><p><a href=\"https:\/\/support.google.com\/chrome\/answer\/95647?hl=es\" target=\"_blank\" rel=\"noopener\"><span style=\"color: #0000ff;\"><strong>Configurar cookies en Google Chrome<\/strong><\/span><\/a><\/p><p><span style=\"color: #0000ff;\"><strong><a style=\"color: #0000ff;\" href=\"https:\/\/support.microsoft.com\/es-es\/windows\" target=\"_blank\" rel=\"noopener\">Configurar cookies en Microsoft Internet Explorer<\/a><\/strong><\/span><\/p><p><span style=\"color: #0000ff;\"><strong><a style=\"color: #0000ff;\" href=\"https:\/\/support.mozilla.org\/es\/kb\/habilitar-y-deshabilitar-cookies-sitios-web-rastrear-preferencias?redirectlocale=es&amp;redirectslug=habilitar-y-deshabilitar-cookies-que-los-sitios-we\" target=\"_blank\" rel=\"noopener\">Configurar cookies en Mozilla Firefox<\/a><\/strong><\/span><\/p><p><span style=\"color: #0000ff;\"><strong><a style=\"color: #0000ff;\" href=\"https:\/\/support.apple.com\/es-es\/105082\" target=\"_blank\" rel=\"noopener\">Configurar cookies en Safari (Apple) <\/a><\/strong><\/span><\/p><p>En caso de tener cualquier duda o requerir informaci\u00f3n adicional o aclaraciones sobre esta Pol\u00edtica de <em>Cookies<\/em>, los Usuarios pueden ponerse en contacto a trav\u00e9s del siguiente correo electr\u00f3nico: <span style=\"color: #0000ff;\"><a style=\"color: #0000ff;\" href=\"mailto:dataprotection@sportslawhub.com\">dataprotection@sportslawhub.com<\/a><\/span><\/p>\t\t\t\t\t\t\t\t<\/div>\n\t\t\t\t<\/div>\n\t\t\t\t<\/div>\n\t\t\t\t<\/div>\n\t\t","protected":false},"excerpt":{"rendered":"<p>Pol\u00edtica de Cookies En cumplimiento con lo dispuesto en el art\u00edculo 22 de la Ley de Servicios de la Sociedad de la Informaci\u00f3n y el Reglamento (UE) 2016\/679 del Parlamento Europeo y del Consejo, de 27 de abril del 2016 (Reglamento General de Protecci\u00f3n de Datos), Altequo Group S.L. (en adelante \u201cSports Law Hub\u201d) con [&hellip;]<\/p>\n","protected":false},"author":4,"featured_media":0,"parent":0,"menu_order":0,"comment_status":"closed","ping_status":"closed","template":"","meta":{"_acf_changed":false,"footnotes":""},"class_list":["post-2181","page","type-page","status-publish","hentry"],"acf":[],"_links":{"self":[{"href":"https:\/\/www.sportslawhub.com\/es\/wp-json\/wp\/v2\/pages\/2181","targetHints":{"allow":["GET"]}}],"collection":[{"href":"https:\/\/www.sportslawhub.com\/es\/wp-json\/wp\/v2\/pages"}],"about":[{"href":"https:\/\/www.sportslawhub.com\/es\/wp-json\/wp\/v2\/types\/page"}],"author":[{"embeddable":true,"href":"https:\/\/www.sportslawhub.com\/es\/wp-json\/wp\/v2\/users\/4"}],"replies":[{"embeddable":true,"href":"https:\/\/www.sportslawhub.com\/es\/wp-json\/wp\/v2\/comments?post=2181"}],"version-history":[{"count":0,"href":"https:\/\/www.sportslawhub.com\/es\/wp-json\/wp\/v2\/pages\/2181\/revisions"}],"wp:attachment":[{"href":"https:\/\/www.sportslawhub.com\/es\/wp-json\/wp\/v2\/media?parent=2181"}],"curies":[{"name":"wp","href":"https:\/\/api.w.org\/{rel}","templated":true}]}}