{"id":10466,"date":"2025-05-29T20:56:10","date_gmt":"2025-05-29T18:56:10","guid":{"rendered":"https:\/\/www.sportslawhub.com\/?post_type=product&#038;p=10466"},"modified":"2026-01-18T15:47:06","modified_gmt":"2026-01-18T14:47:06","slug":"curso-derechos-imagen-deportistas","status":"publish","type":"product","link":"https:\/\/www.sportslawhub.com\/es\/producto\/curso-derechos-imagen-deportistas\/","title":{"rendered":"Curso de Derechos de Imagen de Deportistas"},"content":{"rendered":"<div style=\"color: #000000;\">\n<p style=\"font-weight: bold; font-size: 18px; margin-bottom: 10px;\">\u00bfPor qu\u00e9 realizar este curso?<\/p>\n<p>En la industria del deporte actual, la imagen de un atleta es a menudo su activo m\u00e1s valioso. Sin embargo, el marco legal que regula estos derechos est\u00e1 cambiando r\u00e1pidamente debido a las nuevas tecnolog\u00edas y plataformas.<\/p>\n<p>Este programa especializado est\u00e1 dise\u00f1ado para unir el <b>Derecho de la Propiedad Intelectual<\/b> con la <b>Estrategia Comercial<\/b>. Al inscribirte, no solo aprender\u00e1s teor\u00eda; adquirir\u00e1s las herramientas necesarias para gestionar negociaciones de alto nivel y navegar por el complejo entorno digital.<\/p>\n<p style=\"font-weight: bold; font-size: 18px; margin-top: 20px;\">Haz clic <a style=\"color: #000000; text-decoration: underline;\" href=\"https:\/\/www.sportslawhub.com\/es\/cursos\/curso-sobre-derechos-de-imagen-y-perspectivas-legales-para-deportistas\/\" target=\"_blank\" rel=\"noopener\">aqu\u00ed<\/a> para ver toda la informaci\u00f3n del curso<\/p>\n<blockquote><p><i>\u00abUna formaci\u00f3n esencial para agentes y abogados que quieran liderar la estrategia comercial y blindar el futuro de la carrera de sus atletas.\u00bb<\/i><\/p><\/blockquote>\n<\/div>\n","protected":false},"excerpt":{"rendered":"<p data-path-to-node=\"1,0\"><b data-path-to-node=\"1,0\" data-index-in-node=\"0\">Domina la vertiente comercial del Derecho Deportivo.<\/b><\/p>\n<p data-path-to-node=\"1,1\">Asegura tu plaza en el principal <b data-path-to-node=\"1,1\" data-index-in-node=\"33\">Curso de Derechos de Imagen de Deportistas<\/b>. Este programa ejecutivo va m\u00e1s all\u00e1 de la teor\u00eda para dotarte de herramientas pr\u00e1cticas en la redacci\u00f3n de contratos, resoluci\u00f3n de conflictos y el manejo de los desaf\u00edos de la IA y los NFTs en el deporte.<\/p>\n<ul data-path-to-node=\"1,2\">\n<li>\n<p data-path-to-node=\"1,2,0,0\"><b data-path-to-node=\"1,2,0,0\" data-index-in-node=\"0\">Formato:<\/b> Online (En directo + Bajo demanda).<\/p>\n<\/li>\n<li>\n<p data-path-to-node=\"1,2,1,0\"><b data-path-to-node=\"1,2,1,0\" data-index-in-node=\"0\">Horario:<\/b> 4 sesiones semanales los mi\u00e9rcoles.<\/p>\n<\/li>\n<li>\n<p data-path-to-node=\"1,2,2,0\"><b data-path-to-node=\"1,2,2,0\" data-index-in-node=\"0\">Credencial:<\/b> Certificado Oficial de Sports Law Hub.<\/p>\n<\/li>\n<\/ul>\n","protected":false},"featured_media":10456,"comment_status":"closed","ping_status":"closed","template":"","meta":{"_acf_changed":false},"product_brand":[],"product_cat":[72,73],"product_tag":[],"class_list":{"0":"post-10466","1":"product","2":"type-product","3":"status-publish","4":"has-post-thumbnail","6":"product_cat-curso","7":"product_cat-ingles","9":"first","10":"instock","11":"virtual","12":"taxable","13":"purchasable","14":"product-type-simple"},"acf":[],"_links":{"self":[{"href":"https:\/\/www.sportslawhub.com\/es\/wp-json\/wp\/v2\/product\/10466","targetHints":{"allow":["GET"]}}],"collection":[{"href":"https:\/\/www.sportslawhub.com\/es\/wp-json\/wp\/v2\/product"}],"about":[{"href":"https:\/\/www.sportslawhub.com\/es\/wp-json\/wp\/v2\/types\/product"}],"replies":[{"embeddable":true,"href":"https:\/\/www.sportslawhub.com\/es\/wp-json\/wp\/v2\/comments?post=10466"}],"wp:featuredmedia":[{"embeddable":true,"href":"https:\/\/www.sportslawhub.com\/es\/wp-json\/wp\/v2\/media\/10456"}],"wp:attachment":[{"href":"https:\/\/www.sportslawhub.com\/es\/wp-json\/wp\/v2\/media?parent=10466"}],"wp:term":[{"taxonomy":"product_brand","embeddable":true,"href":"https:\/\/www.sportslawhub.com\/es\/wp-json\/wp\/v2\/product_brand?post=10466"},{"taxonomy":"product_cat","embeddable":true,"href":"https:\/\/www.sportslawhub.com\/es\/wp-json\/wp\/v2\/product_cat?post=10466"},{"taxonomy":"product_tag","embeddable":true,"href":"https:\/\/www.sportslawhub.com\/es\/wp-json\/wp\/v2\/product_tag?post=10466"}],"curies":[{"name":"wp","href":"https:\/\/api.w.org\/{rel}","templated":true}]}}