{"id":11980,"date":"2025-10-20T23:37:19","date_gmt":"2025-10-20T21:37:19","guid":{"rendered":"https:\/\/www.sportslawhub.com\/?post_type=product&#038;p=11980"},"modified":"2025-11-11T21:37:48","modified_gmt":"2025-11-11T20:37:48","slug":"contratos-comerciales-en-la-industria-deportiva-edicion-espanol-copy-copy-copy","status":"publish","type":"product","link":"https:\/\/www.sportslawhub.com\/es\/producto\/contratos-comerciales-en-la-industria-deportiva-edicion-espanol-copy-copy-copy\/","title":{"rendered":"Curso Avanzado sobre Fiscalidad en el Deporte Profesional &#8211; Edici\u00f3n en Ingl\u00e9s"},"content":{"rendered":"","protected":false},"excerpt":{"rendered":"<p>En Sports Law Hub, entendemos que la fiscalidad internacional es una de las \u00e1reas m\u00e1s complejas, din\u00e1micas y de mayor riesgo en el derecho deportivo. Una planificaci\u00f3n fiscal defectuosa o una auditor\u00eda inesperada puede tener consecuencias de varios millones de euros tanto para el atleta como para el club. <\/p>\n<p>Por ello, hemos dise\u00f1ado el Advanced Course on Taxation in Professional Sports (Curso Avanzado sobre Fiscalidad en el Deporte Profesional), un programa creado para equipar a los profesionales con las herramientas y el conocimiento avanzado necesarios para dominar la planificaci\u00f3n fiscal, el cumplimiento normativo y la estrategia internacional.<\/p>\n<p>&nbsp;<\/p>\n<h3><\/h3>\n","protected":false},"featured_media":11970,"comment_status":"closed","ping_status":"closed","template":"","meta":{"_acf_changed":false},"product_brand":[],"product_cat":[72,73],"product_tag":[],"class_list":{"0":"post-11980","1":"product","2":"type-product","3":"status-publish","4":"has-post-thumbnail","6":"product_cat-curso","7":"product_cat-ingles","9":"first","10":"instock","11":"virtual","12":"taxable","13":"purchasable","14":"product-type-simple"},"acf":[],"_links":{"self":[{"href":"https:\/\/www.sportslawhub.com\/es\/wp-json\/wp\/v2\/product\/11980","targetHints":{"allow":["GET"]}}],"collection":[{"href":"https:\/\/www.sportslawhub.com\/es\/wp-json\/wp\/v2\/product"}],"about":[{"href":"https:\/\/www.sportslawhub.com\/es\/wp-json\/wp\/v2\/types\/product"}],"replies":[{"embeddable":true,"href":"https:\/\/www.sportslawhub.com\/es\/wp-json\/wp\/v2\/comments?post=11980"}],"wp:featuredmedia":[{"embeddable":true,"href":"https:\/\/www.sportslawhub.com\/es\/wp-json\/wp\/v2\/media\/11970"}],"wp:attachment":[{"href":"https:\/\/www.sportslawhub.com\/es\/wp-json\/wp\/v2\/media?parent=11980"}],"wp:term":[{"taxonomy":"product_brand","embeddable":true,"href":"https:\/\/www.sportslawhub.com\/es\/wp-json\/wp\/v2\/product_brand?post=11980"},{"taxonomy":"product_cat","embeddable":true,"href":"https:\/\/www.sportslawhub.com\/es\/wp-json\/wp\/v2\/product_cat?post=11980"},{"taxonomy":"product_tag","embeddable":true,"href":"https:\/\/www.sportslawhub.com\/es\/wp-json\/wp\/v2\/product_tag?post=11980"}],"curies":[{"name":"wp","href":"https:\/\/api.w.org\/{rel}","templated":true}]}}