{"id":13122,"date":"2026-02-13T13:58:16","date_gmt":"2026-02-13T12:58:16","guid":{"rendered":"https:\/\/www.sportslawhub.com\/?post_type=product&#038;p=13122"},"modified":"2026-02-13T14:03:10","modified_gmt":"2026-02-13T13:03:10","slug":"curso-de-derecho-del-futbol-aspectos-esenciales-para-abogados-y-agentes-edicion-en-ingles-copy","status":"publish","type":"product","link":"https:\/\/www.sportslawhub.com\/es\/producto\/curso-de-derecho-del-futbol-aspectos-esenciales-para-abogados-y-agentes-edicion-en-ingles-copy\/","title":{"rendered":"Curso de Derecho del F\u00fatbol: Aspectos Esenciales para Abogados y Agentes- Edici\u00f3n en ingl\u00e9s (Copy)"},"content":{"rendered":"","protected":false},"excerpt":{"rendered":"<p class=\"p1\"><strong>El papel estrat\u00e9gico del agente en el f\u00fatbol moderno<\/strong><\/p>\n<p class=\"p1\">En el din\u00e1mico y competitivo universo de los agentes de futbolistas, dominar las leyes y regulaciones no es solo una ventaja estrat\u00e9gica, sino una necesidad esencial. Este curso no solo te proporcionar\u00e1 un conocimiento legal s\u00f3lido y actualizado, sino que tambi\u00e9n te equipar\u00e1 para abordar los desaf\u00edos reales del mercado global del f\u00fatbol con seguridad, excelencia y un enfoque t\u00e1ctico que marcar\u00e1 la diferencia en tu carrera. <\/p>\n","protected":false},"featured_media":8194,"comment_status":"closed","ping_status":"closed","template":"","meta":{"_acf_changed":false},"product_brand":[],"product_cat":[72,73],"product_tag":[],"class_list":{"0":"post-13122","1":"product","2":"type-product","3":"status-publish","4":"has-post-thumbnail","6":"product_cat-curso","7":"product_cat-ingles","9":"first","10":"instock","11":"virtual","12":"taxable","13":"purchasable","14":"product-type-simple"},"acf":[],"_links":{"self":[{"href":"https:\/\/www.sportslawhub.com\/es\/wp-json\/wp\/v2\/product\/13122","targetHints":{"allow":["GET"]}}],"collection":[{"href":"https:\/\/www.sportslawhub.com\/es\/wp-json\/wp\/v2\/product"}],"about":[{"href":"https:\/\/www.sportslawhub.com\/es\/wp-json\/wp\/v2\/types\/product"}],"replies":[{"embeddable":true,"href":"https:\/\/www.sportslawhub.com\/es\/wp-json\/wp\/v2\/comments?post=13122"}],"wp:featuredmedia":[{"embeddable":true,"href":"https:\/\/www.sportslawhub.com\/es\/wp-json\/wp\/v2\/media\/8194"}],"wp:attachment":[{"href":"https:\/\/www.sportslawhub.com\/es\/wp-json\/wp\/v2\/media?parent=13122"}],"wp:term":[{"taxonomy":"product_brand","embeddable":true,"href":"https:\/\/www.sportslawhub.com\/es\/wp-json\/wp\/v2\/product_brand?post=13122"},{"taxonomy":"product_cat","embeddable":true,"href":"https:\/\/www.sportslawhub.com\/es\/wp-json\/wp\/v2\/product_cat?post=13122"},{"taxonomy":"product_tag","embeddable":true,"href":"https:\/\/www.sportslawhub.com\/es\/wp-json\/wp\/v2\/product_tag?post=13122"}],"curies":[{"name":"wp","href":"https:\/\/api.w.org\/{rel}","templated":true}]}}