{"id":6965,"date":"2024-10-08T12:35:08","date_gmt":"2024-10-08T12:35:08","guid":{"rendered":"https:\/\/www.sportslawhub.com\/?post_type=product&#038;p=6965"},"modified":"2024-10-08T12:39:11","modified_gmt":"2024-10-08T12:39:11","slug":"curso-en-antidopaje","status":"publish","type":"product","link":"https:\/\/www.sportslawhub.com\/es\/producto\/curso-en-antidopaje\/","title":{"rendered":"Curso en Antidopaje"},"content":{"rendered":"","protected":false},"excerpt":{"rendered":"<p>Este curso en Antidopaje proporciona un m\u00e9todo de aprendizaje pr\u00e1ctico y personalizado. Esta propuesta compagina el estudio te\u00f3rico y normativo con un exhaustivo programa acad\u00e9mico con la visi\u00f3n pr\u00e1ctica proporcionada por profesionales de la gesti\u00f3n y el derecho deportivo.<\/p>\n","protected":false},"featured_media":5154,"comment_status":"closed","ping_status":"closed","template":"","meta":{"_acf_changed":false},"product_brand":[],"product_cat":[],"product_tag":[],"class_list":{"0":"post-6965","1":"product","2":"type-product","3":"status-publish","4":"has-post-thumbnail","7":"first","8":"outofstock","9":"virtual","10":"taxable","11":"purchasable","12":"product-type-simple"},"acf":[],"_links":{"self":[{"href":"https:\/\/www.sportslawhub.com\/es\/wp-json\/wp\/v2\/product\/6965","targetHints":{"allow":["GET"]}}],"collection":[{"href":"https:\/\/www.sportslawhub.com\/es\/wp-json\/wp\/v2\/product"}],"about":[{"href":"https:\/\/www.sportslawhub.com\/es\/wp-json\/wp\/v2\/types\/product"}],"replies":[{"embeddable":true,"href":"https:\/\/www.sportslawhub.com\/es\/wp-json\/wp\/v2\/comments?post=6965"}],"wp:featuredmedia":[{"embeddable":true,"href":"https:\/\/www.sportslawhub.com\/es\/wp-json\/wp\/v2\/media\/5154"}],"wp:attachment":[{"href":"https:\/\/www.sportslawhub.com\/es\/wp-json\/wp\/v2\/media?parent=6965"}],"wp:term":[{"taxonomy":"product_brand","embeddable":true,"href":"https:\/\/www.sportslawhub.com\/es\/wp-json\/wp\/v2\/product_brand?post=6965"},{"taxonomy":"product_cat","embeddable":true,"href":"https:\/\/www.sportslawhub.com\/es\/wp-json\/wp\/v2\/product_cat?post=6965"},{"taxonomy":"product_tag","embeddable":true,"href":"https:\/\/www.sportslawhub.com\/es\/wp-json\/wp\/v2\/product_tag?post=6965"}],"curies":[{"name":"wp","href":"https:\/\/api.w.org\/{rel}","templated":true}]}}