{"id":8120,"date":"2024-12-10T12:39:47","date_gmt":"2024-12-10T11:39:47","guid":{"rendered":"https:\/\/www.sportslawhub.com\/?post_type=product&#038;p=8120"},"modified":"2024-12-10T13:46:56","modified_gmt":"2024-12-10T13:46:56","slug":"curso-de-arbitraje-deportivo-intensivo-ante-el-tas-copy","status":"publish","type":"product","link":"https:\/\/www.sportslawhub.com\/es\/producto\/curso-de-arbitraje-deportivo-intensivo-ante-el-tas-copy\/","title":{"rendered":"Curso de Arbitraje Deportivo intensivo ante el TAS &#8211; Edici\u00f3n en ingl\u00e9s"},"content":{"rendered":"","protected":false},"excerpt":{"rendered":"<p>En\u00a0<strong>Sports Law Hub<\/strong>\u00a0entendemos que el mundo del arbitraje deportivo es tan vers\u00e1til como exigente, por lo que hemos dise\u00f1ado este Curso de Arbitraje Deportivo intensivo ante el TAS para proporcionar al alumno las habilidades y los conocimientos necesarios para especializarse en este campo. A trav\u00e9s de un formato \u00fanico y una metodolog\u00eda propia, el alumno podr\u00e1 concentrar su aprendizaje en un periodo de tiempo corto que le permitir\u00e1 hacer una inmersi\u00f3n total en el estudio.<\/p>\n","protected":false},"featured_media":5982,"comment_status":"closed","ping_status":"closed","template":"","meta":{"_acf_changed":false},"product_brand":[],"product_cat":[72,73],"product_tag":[],"class_list":{"0":"post-8120","1":"product","2":"type-product","3":"status-publish","4":"has-post-thumbnail","6":"product_cat-curso","7":"product_cat-ingles","9":"first","10":"instock","11":"virtual","12":"taxable","13":"purchasable","14":"product-type-simple"},"acf":[],"_links":{"self":[{"href":"https:\/\/www.sportslawhub.com\/es\/wp-json\/wp\/v2\/product\/8120","targetHints":{"allow":["GET"]}}],"collection":[{"href":"https:\/\/www.sportslawhub.com\/es\/wp-json\/wp\/v2\/product"}],"about":[{"href":"https:\/\/www.sportslawhub.com\/es\/wp-json\/wp\/v2\/types\/product"}],"replies":[{"embeddable":true,"href":"https:\/\/www.sportslawhub.com\/es\/wp-json\/wp\/v2\/comments?post=8120"}],"wp:featuredmedia":[{"embeddable":true,"href":"https:\/\/www.sportslawhub.com\/es\/wp-json\/wp\/v2\/media\/5982"}],"wp:attachment":[{"href":"https:\/\/www.sportslawhub.com\/es\/wp-json\/wp\/v2\/media?parent=8120"}],"wp:term":[{"taxonomy":"product_brand","embeddable":true,"href":"https:\/\/www.sportslawhub.com\/es\/wp-json\/wp\/v2\/product_brand?post=8120"},{"taxonomy":"product_cat","embeddable":true,"href":"https:\/\/www.sportslawhub.com\/es\/wp-json\/wp\/v2\/product_cat?post=8120"},{"taxonomy":"product_tag","embeddable":true,"href":"https:\/\/www.sportslawhub.com\/es\/wp-json\/wp\/v2\/product_tag?post=8120"}],"curies":[{"name":"wp","href":"https:\/\/api.w.org\/{rel}","templated":true}]}}